{"id":15755,"date":"2025-09-04T12:40:33","date_gmt":"2025-09-04T10:40:33","guid":{"rendered":"https:\/\/dellupiarte.com\/?post_type=product&#038;p=15755"},"modified":"2026-02-12T16:49:19","modified_gmt":"2026-02-12T14:49:19","slug":"opere-shozo-shimamoto-silk-road-19","status":"publish","type":"product","link":"https:\/\/dellupiarte.com\/en\/opere\/shozo-shimamoto-silk-road-19\/","title":{"rendered":"Sh\u014dz\u014d Shimamoto &#8211; Silk Road 19"},"content":{"rendered":"","protected":false},"excerpt":{"rendered":"<p>Sh\u014dz\u014d Shimamoto &#8211; Silk Road 19<\/p>\n","protected":false},"featured_media":13771,"template":"","meta":{"_acf_changed":false},"product_brand":[],"product_cat":[427,339],"product_tag":[428],"class_list":{"0":"post-15755","1":"product","2":"type-product","3":"status-publish","4":"has-post-thumbnail","6":"product_cat-shozo-shimamoto-2","7":"product_cat-opere","8":"product_tag-shozo-shimamoto","10":"first","11":"instock","12":"shipping-taxable","13":"product-type-simple"},"acf":[],"yoast_head":"<!-- This site is optimized with the Yoast SEO plugin v27.4 - https:\/\/yoast.com\/product\/yoast-seo-wordpress\/ -->\n<title>Sh\u014dz\u014d Shimamoto - Silk Road 19<\/title>\n<meta name=\"description\" content=\"Sh\u014dz\u014d Shimamoto - Silk Road 19\" \/>\n<meta name=\"robots\" content=\"index, follow, max-snippet:-1, max-image-preview:large, max-video-preview:-1\" \/>\n<link rel=\"canonical\" href=\"https:\/\/dellupiarte.com\/en\/opere\/shozo-shimamoto-silk-road-19\/\" \/>\n<meta property=\"og:locale\" content=\"en_US\" \/>\n<meta property=\"og:type\" content=\"article\" \/>\n<meta property=\"og:title\" content=\"Sh\u014dz\u014d Shimamoto - Silk Road 19\" \/>\n<meta property=\"og:description\" content=\"Sh\u014dz\u014d Shimamoto - Silk Road 19\" \/>\n<meta property=\"og:url\" content=\"https:\/\/dellupiarte.com\/en\/opere\/shozo-shimamoto-silk-road-19\/\" \/>\n<meta property=\"og:site_name\" content=\"Dellupi Arte\" \/>\n<meta property=\"article:publisher\" content=\"https:\/\/www.facebook.com\/DellupiArte\/\" \/>\n<meta property=\"article:modified_time\" content=\"2026-02-12T14:49:19+00:00\" \/>\n<meta property=\"og:image\" content=\"https:\/\/dellupiarte.com\/wp-content\/uploads\/2020\/07\/Shimamoto-silk-1-1024x1024.png\" \/>\n\t<meta property=\"og:image:width\" content=\"1024\" \/>\n\t<meta property=\"og:image:height\" content=\"1024\" \/>\n\t<meta property=\"og:image:type\" content=\"image\/png\" \/>\n<meta name=\"twitter:card\" content=\"summary_large_image\" \/>\n<meta name=\"twitter:label1\" content=\"Est. reading time\" \/>\n\t<meta name=\"twitter:data1\" content=\"1 minute\" \/>\n<script type=\"application\/ld+json\" class=\"yoast-schema-graph\">{\"@context\":\"https:\\\/\\\/schema.org\",\"@graph\":[{\"@type\":\"WebPage\",\"@id\":\"https:\\\/\\\/dellupiarte.com\\\/en\\\/opere\\\/shozo-shimamoto-silk-road-19\\\/\",\"url\":\"https:\\\/\\\/dellupiarte.com\\\/en\\\/opere\\\/shozo-shimamoto-silk-road-19\\\/\",\"name\":\"Sh\u014dz\u014d Shimamoto - Silk Road 19\",\"isPartOf\":{\"@id\":\"https:\\\/\\\/dellupiarte.com\\\/en\\\/#website\"},\"primaryImageOfPage\":{\"@id\":\"https:\\\/\\\/dellupiarte.com\\\/en\\\/opere\\\/shozo-shimamoto-silk-road-19\\\/#primaryimage\"},\"image\":{\"@id\":\"https:\\\/\\\/dellupiarte.com\\\/en\\\/opere\\\/shozo-shimamoto-silk-road-19\\\/#primaryimage\"},\"thumbnailUrl\":\"https:\\\/\\\/dellupiarte.com\\\/wp-content\\\/uploads\\\/2020\\\/07\\\/Shimamoto-silk-1.png\",\"datePublished\":\"2025-09-04T10:40:33+00:00\",\"dateModified\":\"2026-02-12T14:49:19+00:00\",\"description\":\"Sh\u014dz\u014d Shimamoto - Silk Road 19\",\"breadcrumb\":{\"@id\":\"https:\\\/\\\/dellupiarte.com\\\/en\\\/opere\\\/shozo-shimamoto-silk-road-19\\\/#breadcrumb\"},\"inLanguage\":\"en-US\",\"potentialAction\":[{\"@type\":\"ReadAction\",\"target\":[\"https:\\\/\\\/dellupiarte.com\\\/en\\\/opere\\\/shozo-shimamoto-silk-road-19\\\/\"]}]},{\"@type\":\"ImageObject\",\"inLanguage\":\"en-US\",\"@id\":\"https:\\\/\\\/dellupiarte.com\\\/en\\\/opere\\\/shozo-shimamoto-silk-road-19\\\/#primaryimage\",\"url\":\"https:\\\/\\\/dellupiarte.com\\\/wp-content\\\/uploads\\\/2020\\\/07\\\/Shimamoto-silk-1.png\",\"contentUrl\":\"https:\\\/\\\/dellupiarte.com\\\/wp-content\\\/uploads\\\/2020\\\/07\\\/Shimamoto-silk-1.png\",\"width\":2500,\"height\":2500},{\"@type\":\"BreadcrumbList\",\"@id\":\"https:\\\/\\\/dellupiarte.com\\\/en\\\/opere\\\/shozo-shimamoto-silk-road-19\\\/#breadcrumb\",\"itemListElement\":[{\"@type\":\"ListItem\",\"position\":1,\"name\":\"Home\",\"item\":\"https:\\\/\\\/dellupiarte.com\\\/en\\\/dellupi-arte-galleria-darte-moderna-contemporanea\\\/\"},{\"@type\":\"ListItem\",\"position\":2,\"name\":\"Shop\",\"item\":\"https:\\\/\\\/dellupiarte.com\\\/shop\\\/?lang=en\"},{\"@type\":\"ListItem\",\"position\":3,\"name\":\"Sh\u014dz\u014d Shimamoto &#8211; Silk Road 19\"}]},{\"@type\":\"WebSite\",\"@id\":\"https:\\\/\\\/dellupiarte.com\\\/en\\\/#website\",\"url\":\"https:\\\/\\\/dellupiarte.com\\\/en\\\/\",\"name\":\"Dellupi Arte\",\"description\":\"Galleria d&#039;arte moderna &amp; contemporanea\",\"publisher\":{\"@id\":\"https:\\\/\\\/dellupiarte.com\\\/en\\\/#organization\"},\"alternateName\":\"Dellupi Arte Galleria d'arte moderna & contemporanea\",\"potentialAction\":[{\"@type\":\"SearchAction\",\"target\":{\"@type\":\"EntryPoint\",\"urlTemplate\":\"https:\\\/\\\/dellupiarte.com\\\/en\\\/?s={search_term_string}\"},\"query-input\":{\"@type\":\"PropertyValueSpecification\",\"valueRequired\":true,\"valueName\":\"search_term_string\"}}],\"inLanguage\":\"en-US\"},{\"@type\":\"Organization\",\"@id\":\"https:\\\/\\\/dellupiarte.com\\\/en\\\/#organization\",\"name\":\"Galleria Dellupi Arte\",\"alternateName\":\"Galleria Dellupi Arte\",\"url\":\"https:\\\/\\\/dellupiarte.com\\\/en\\\/\",\"logo\":{\"@type\":\"ImageObject\",\"inLanguage\":\"en-US\",\"@id\":\"https:\\\/\\\/dellupiarte.com\\\/en\\\/#\\\/schema\\\/logo\\\/image\\\/\",\"url\":\"https:\\\/\\\/dellupiarte.com\\\/wp-content\\\/uploads\\\/2020\\\/05\\\/logonero.png\",\"contentUrl\":\"https:\\\/\\\/dellupiarte.com\\\/wp-content\\\/uploads\\\/2020\\\/05\\\/logonero.png\",\"width\":266,\"height\":48,\"caption\":\"Galleria Dellupi Arte\"},\"image\":{\"@id\":\"https:\\\/\\\/dellupiarte.com\\\/en\\\/#\\\/schema\\\/logo\\\/image\\\/\"},\"sameAs\":[\"https:\\\/\\\/www.facebook.com\\\/DellupiArte\\\/\",\"https:\\\/\\\/www.instagram.com\\\/dellupiarte\\\/\"]}]}<\/script>\n<!-- \/ Yoast SEO plugin. -->","yoast_head_json":{"title":"Sh\u014dz\u014d Shimamoto - Silk Road 19","description":"Sh\u014dz\u014d Shimamoto - Silk Road 19","robots":{"index":"index","follow":"follow","max-snippet":"max-snippet:-1","max-image-preview":"max-image-preview:large","max-video-preview":"max-video-preview:-1"},"canonical":"https:\/\/dellupiarte.com\/en\/opere\/shozo-shimamoto-silk-road-19\/","og_locale":"en_US","og_type":"article","og_title":"Sh\u014dz\u014d Shimamoto - Silk Road 19","og_description":"Sh\u014dz\u014d Shimamoto - Silk Road 19","og_url":"https:\/\/dellupiarte.com\/en\/opere\/shozo-shimamoto-silk-road-19\/","og_site_name":"Dellupi Arte","article_publisher":"https:\/\/www.facebook.com\/DellupiArte\/","article_modified_time":"2026-02-12T14:49:19+00:00","og_image":[{"width":1024,"height":1024,"url":"https:\/\/dellupiarte.com\/wp-content\/uploads\/2020\/07\/Shimamoto-silk-1-1024x1024.png","type":"image\/png"}],"twitter_card":"summary_large_image","twitter_misc":{"Est. reading time":"1 minute"},"schema":{"@context":"https:\/\/schema.org","@graph":[{"@type":"WebPage","@id":"https:\/\/dellupiarte.com\/en\/opere\/shozo-shimamoto-silk-road-19\/","url":"https:\/\/dellupiarte.com\/en\/opere\/shozo-shimamoto-silk-road-19\/","name":"Sh\u014dz\u014d Shimamoto - Silk Road 19","isPartOf":{"@id":"https:\/\/dellupiarte.com\/en\/#website"},"primaryImageOfPage":{"@id":"https:\/\/dellupiarte.com\/en\/opere\/shozo-shimamoto-silk-road-19\/#primaryimage"},"image":{"@id":"https:\/\/dellupiarte.com\/en\/opere\/shozo-shimamoto-silk-road-19\/#primaryimage"},"thumbnailUrl":"https:\/\/dellupiarte.com\/wp-content\/uploads\/2020\/07\/Shimamoto-silk-1.png","datePublished":"2025-09-04T10:40:33+00:00","dateModified":"2026-02-12T14:49:19+00:00","description":"Sh\u014dz\u014d Shimamoto - Silk Road 19","breadcrumb":{"@id":"https:\/\/dellupiarte.com\/en\/opere\/shozo-shimamoto-silk-road-19\/#breadcrumb"},"inLanguage":"en-US","potentialAction":[{"@type":"ReadAction","target":["https:\/\/dellupiarte.com\/en\/opere\/shozo-shimamoto-silk-road-19\/"]}]},{"@type":"ImageObject","inLanguage":"en-US","@id":"https:\/\/dellupiarte.com\/en\/opere\/shozo-shimamoto-silk-road-19\/#primaryimage","url":"https:\/\/dellupiarte.com\/wp-content\/uploads\/2020\/07\/Shimamoto-silk-1.png","contentUrl":"https:\/\/dellupiarte.com\/wp-content\/uploads\/2020\/07\/Shimamoto-silk-1.png","width":2500,"height":2500},{"@type":"BreadcrumbList","@id":"https:\/\/dellupiarte.com\/en\/opere\/shozo-shimamoto-silk-road-19\/#breadcrumb","itemListElement":[{"@type":"ListItem","position":1,"name":"Home","item":"https:\/\/dellupiarte.com\/en\/dellupi-arte-galleria-darte-moderna-contemporanea\/"},{"@type":"ListItem","position":2,"name":"Shop","item":"https:\/\/dellupiarte.com\/shop\/?lang=en"},{"@type":"ListItem","position":3,"name":"Sh\u014dz\u014d Shimamoto &#8211; Silk Road 19"}]},{"@type":"WebSite","@id":"https:\/\/dellupiarte.com\/en\/#website","url":"https:\/\/dellupiarte.com\/en\/","name":"Dellupi Arte","description":"Galleria d&#039;arte moderna &amp; contemporanea","publisher":{"@id":"https:\/\/dellupiarte.com\/en\/#organization"},"alternateName":"Dellupi Arte Galleria d'arte moderna & contemporanea","potentialAction":[{"@type":"SearchAction","target":{"@type":"EntryPoint","urlTemplate":"https:\/\/dellupiarte.com\/en\/?s={search_term_string}"},"query-input":{"@type":"PropertyValueSpecification","valueRequired":true,"valueName":"search_term_string"}}],"inLanguage":"en-US"},{"@type":"Organization","@id":"https:\/\/dellupiarte.com\/en\/#organization","name":"Galleria Dellupi Arte","alternateName":"Galleria Dellupi Arte","url":"https:\/\/dellupiarte.com\/en\/","logo":{"@type":"ImageObject","inLanguage":"en-US","@id":"https:\/\/dellupiarte.com\/en\/#\/schema\/logo\/image\/","url":"https:\/\/dellupiarte.com\/wp-content\/uploads\/2020\/05\/logonero.png","contentUrl":"https:\/\/dellupiarte.com\/wp-content\/uploads\/2020\/05\/logonero.png","width":266,"height":48,"caption":"Galleria Dellupi Arte"},"image":{"@id":"https:\/\/dellupiarte.com\/en\/#\/schema\/logo\/image\/"},"sameAs":["https:\/\/www.facebook.com\/DellupiArte\/","https:\/\/www.instagram.com\/dellupiarte\/"]}]}},"publishpress_future_workflow_manual_trigger":{"enabledWorkflows":[]},"_links":{"self":[{"href":"https:\/\/dellupiarte.com\/en\/wp-json\/wp\/v2\/product\/15755","targetHints":{"allow":["GET"]}}],"collection":[{"href":"https:\/\/dellupiarte.com\/en\/wp-json\/wp\/v2\/product"}],"about":[{"href":"https:\/\/dellupiarte.com\/en\/wp-json\/wp\/v2\/types\/product"}],"version-history":[{"count":2,"href":"https:\/\/dellupiarte.com\/en\/wp-json\/wp\/v2\/product\/15755\/revisions"}],"predecessor-version":[{"id":15828,"href":"https:\/\/dellupiarte.com\/en\/wp-json\/wp\/v2\/product\/15755\/revisions\/15828"}],"wp:featuredmedia":[{"embeddable":true,"href":"https:\/\/dellupiarte.com\/en\/wp-json\/wp\/v2\/media\/13771"}],"wp:attachment":[{"href":"https:\/\/dellupiarte.com\/en\/wp-json\/wp\/v2\/media?parent=15755"}],"wp:term":[{"taxonomy":"product_brand","embeddable":true,"href":"https:\/\/dellupiarte.com\/en\/wp-json\/wp\/v2\/product_brand?post=15755"},{"taxonomy":"product_cat","embeddable":true,"href":"https:\/\/dellupiarte.com\/en\/wp-json\/wp\/v2\/product_cat?post=15755"},{"taxonomy":"product_tag","embeddable":true,"href":"https:\/\/dellupiarte.com\/en\/wp-json\/wp\/v2\/product_tag?post=15755"}],"curies":[{"name":"wp","href":"https:\/\/api.w.org\/{rel}","templated":true}]}}