{"id":14839,"date":"2018-01-19T16:02:13","date_gmt":"2018-01-19T14:02:13","guid":{"rendered":"https:\/\/dellupiarte.com\/privacy-cookie-policy\/"},"modified":"2018-01-19T16:02:13","modified_gmt":"2018-01-19T14:02:13","slug":"privacy-cookie-policy","status":"publish","type":"page","link":"https:\/\/dellupiarte.com\/en\/privacy-cookie-policy\/","title":{"rendered":"Privacy &amp; Cookie Policy"},"content":{"rendered":"<p>[vc_row][vc_column width=&#8221;1\/6&#8243;][\/vc_column][vc_column width=&#8221;2\/3&#8243;][mk_padding_divider visibility=&#8221;hidden-sm&#8221;][mk_padding_divider size=&#8221;20&#8243; visibility=&#8221;visible-sm&#8221;][mk_fancy_title tag_name=&#8221;h1&#8243; color=&#8221;#333333&#8243; size=&#8221;16&#8243; force_font_size=&#8221;true&#8221; size_tablet=&#8221;14&#8243; size_phone=&#8221;10&#8243; font_weight=&#8221;400&#8243; txt_transform=&#8221;uppercase&#8221; letter_spacing=&#8221;10&#8243; margin_bottom=&#8221;0&#8243; font_family=&#8221;none&#8221; align=&#8221;center&#8221; visibility=&#8221;hidden-sm&#8221;]Privacy &amp; Cookies policy[\/mk_fancy_title][vc_column_text css=&#8221;.vc_custom_1518434779174{margin-bottom: 0px !important;}&#8221;]In questa pagina si descrivono le modalita&#8217; di gestione del sito in riferimento al trattamento dei dati personali degli utenti che lo consultano.<br \/>\nSi tratta di un&#8217;informativa che e&#8217; resa anche ai sensi dell&#8217; Art 13 della Legge 196\/03 a coloro che interagiscono con i servizi web di Dellupi Arte<br \/>\nL&#8217;informativa e&#8217; resa per il sito <a href=\"http:\/\/www.dellupiarte.com\">www.dellupiarte.com<\/a><\/p>\n<p>Il &#8220;Titolare&#8221; del trattamento<br \/>\nA seguito della consultazione di questo sito possono essere trattati dati relativi a persone identificate o identificabili.<br \/>\nIl &#8220;titolare&#8221; del loro trattamento e&#8217;:<br \/>\nDELLUPI ARTE di Dellupi Luigi<br \/>\nSede legale Viale Camillo Pasquali nr 15 28100 Novara<br \/>\nC.F. DLLLGU80D21F205P &#8211; Partita I.V.A. 02253310037<\/p>\n<p>Luogo di trattamento dei Dati<br \/>\nI trattamenti connessi ai servizi web di questo sito hanno luogo presso la sede di dellupiarte e sono curati solo da personale tecnico dell&#8217;Ufficio incaricato del trattamento, oppure da eventuali incaricati di occasionali operazioni di manutenzione.<br \/>\nNessun dato derivante dal servizio web viene comunicato o diffuso.<br \/>\nI dati personali forniti dagli utenti che inoltrano richieste di invio di materiale informativo sono utilizzati al solo fine di eseguire il servizio o la prestazione richiesta e sono comunicati a terzi nel solo caso in cui cio&#8217; sia a tal fine.<\/p>\n<p>TIPO DI DATI TRATTATI<br \/>\nDati di navigazione<br \/>\nI sistemi informatici e le procedure software preposte al funzionamento di questo sito web acquisiscono, nel corso del loro normale esercizio, alcuni dati personali la cui trasmissione e&#8217; implicita nell&#8217;uso dei protocolli di comunicazione di Internet.<br \/>\nSi tratta di informazioni che non sono raccolte per essere associate a interessati identificati, ma che per loro stessa natura potrebbero, attraverso elaborazioni ed associazioni con dati detenuti da terzi, permettere di identificare gli utenti.<br \/>\nIn questa categoria di dati rientrano gli indirizzi IP o i nomi a dominio dei computer utilizzati dagli utenti che si connettono al sito, gli indirizzi in notazione URI (Uniform Resource Identifier) delle risorse richieste, l&#8217;orario della richiesta, il metodo utilizzato nel sottoporre la richiesta al server, la dimensione del file ottenuto in risposta, il codice numerico indicante lo stato della risposta data dal server (buon fine, errore, ecc.) ed altri parametri relativi al sistema operativo e all&#8217;ambiente informatico dell&#8217;utente.<br \/>\nQuesti dati vengono utilizzati al solo fine di ricavare informazioni statistiche anonime sull&#8217;uso del sito e per controllarne il corretto funzionamento e vengono cancellati immediatamente dopo l&#8217;elaborazione. I dati potrebbero essere utilizzati per l&#8217;accertamento di responsabilita&#8217; in caso di ipotetici reati informatici ai danni del sito.<\/p>\n<p>Dati forniti volontariamente dall&#8217;utente<br \/>\nL&#8217;invio facoltativo, esplicito e volontario di posta elettronica agli indirizzi indicati su questo sito comporta la successiva acquisizione dell&#8217;indirizzo del mittente, necessario per rispondere alle richieste, nonche&#8217; degli eventuali altri dati personali inseriti nella missiva.<br \/>\nSpecifiche informative di sintesi verranno progressivamente riportate o visualizzate nelle pagine del sito predisposte per particolari servizi a richiesta.<\/p>\n<p>Cookies<br \/>\nDellupiarte.com utilizza cookie tecnici e cookie di terze parti per analizzare il traffico al fine di migliorare il sito, mentre non utilizza cookie per raccogliere informazioni personali riguardanti i visitatori del sito.<br \/>\nNessun dato personale degli utenti viene in proposito acquisito dal sito.<br \/>\nNon viene fatto uso di cookies per la trasmissione di informazioni di carattere personale, ne&#8217; vengono utilizzati c.d. cookies persistenti di alcun tipo, ovvero sistemi per il tracciamento degli utenti.<br \/>\nL&#8217;uso di c.d. cookies di sessione (che non vengono memorizzati in modo persistente sul computer dell&#8217;utente e svaniscono con la chiusura del browser) e&#8217; strettamente limitato alla trasmissione di identificativi di sessione (costituiti da numeri casuali generati dal server) necessari per consentire l&#8217;esplorazione sicura ed efficiente del sito.<br \/>\nI c.d. cookies di sessione utilizzati in questo sito evitano il ricorso ad altre tecniche informatiche potenzialmente pregiudizievoli per la riservatezza della navigazione degli utenti e non consentono l&#8217;acquisizione di dati personali identificativi dell&#8217;utente.<br \/>\nRiepilogando, Dellupiarte.com utilizza:<br \/>\nCookie di sessione (indispensabili per l\u2019utilizzo dei servizi on line)<br \/>\nCookie di monitoraggio (cookie di Google Analytics con IP anonimizzato)<br \/>\nCookie di sessione<\/p>\n<p>La disabilitazione di questi cookie non consente l\u2019utilizzo dei servizi on line.<\/p>\n<p>I cookie di monitoraggio possono essere disabilitati senza nessuna conseguenza sulla navigazione del sito: per disabilitarli si veda la sezione successiva .<\/p>\n<p>Il sito www.dellupiarte.com si avvale del servizio Google Analytics della societ\u00e0 Google, Inc. (di seguito &#8220;Google&#8221;) per la generazione di statistiche sull&#8217;utilizzo del sito web; Google Analytics utilizza cookie (non di terze parti) che non memorizzano dati personali. Le informazioni ricavabili dai cookie sull\u2019utilizzo del sito web da parte degli utenti (compresi gli indirizzi IP) verranno trasmesse dal browser dell\u2019utente a Google, con sede a 1600 Amphitheatre Parkway, Mountain View, CA 94043, Stati Uniti, e depositate presso i server della societ\u00e0 stessa.<\/p>\n<p>Secondo i termini di servizio in essere, Google utilizzer\u00e0 queste informazioni, in qualit\u00e0 di titolare autonomo del trattamento, allo scopo di tracciare e esaminare l\u2019utilizzo del sito web, compilare report sulle attivit\u00e0 del sito ad uso degli operatori del sito stesso e fornire altri servizi relativi alle attivit\u00e0 del sito web, alle modalit\u00e0 di connessione (mobile, pc, browser utilizzato etc) e alle modalit\u00e0 di ricerca e raggiungimento delle pagine del sito. Google pu\u00f2 anche trasferire queste informazioni a terzi ove ci\u00f2 sia imposto dalla legge o laddove tali terzi trattino le suddette informazioni per conto di Google. Google non associer\u00e0 gli indirizzi IP a nessun altro dato posseduto da Google.<br \/>\nPer consultare l&#8217;informativa privacy della societ\u00e0 Google, relativa al servizio Google Analytics, si prega di visitare il sito Internet <a href=\"http:\/\/www.google.com\/intl\/en\/analytics\/privacyoverview.html\" target=\"_blank\" rel=\"noopener\">http:\/\/www.google.com\/intl\/en\/analytics\/privacyoverview.html<\/a>.<br \/>\nPer conoscere le norme sulla privacy di Google, si invita a vistare il sito Internet <a href=\"http:\/\/www.google.com\/intl\/it\/privacy\/privacy-policy.html\" target=\"_blank\" rel=\"noopener\">http:\/\/www.google.com\/intl\/it\/privacy\/privacy-policy.html<\/a>.<\/p>\n<p>Utilizzando il sito <a href=\"http:\/\/www.dellupiarte.com\">www.dellupiarte.com<\/a>, si acconsente al trattamento dei propri dati da parte di Google per le modalit\u00e0 e i fini sopra indicati.<\/p>\n<p><a href=\"http:\/\/www.dellupiarte.com\">www.dellupiarte.com<\/a> ha impostato che il proprio account Google Analytics in modo tale che Google non incroci le informazioni contenute nei cookies con altre di cui gi\u00e0 dispone.<\/p>\n<p><a href=\"http:\/\/www.dellupiarte.com\">www.dellupiarte.com<\/a> ha ridotto il potere identificativo dei cookie con l\u2019anonimizzazione tramite modifiche al codice di Google Analytics.<\/p>\n<p>Cookie di monitoraggio utilizzati:<\/p>\n<p>Nome Origine Funzione Scadenza<\/p>\n<p>Facoltativita&#8217; del Conferimento dei Dati<br \/>\nA parte quanto specificato per i dati di navigazione, l&#8217;utente e&#8217; libero di fornire i dati personali riportati nei moduli di richiesta ed il loro mancato conferimento puo&#8217; comportare l&#8217;impossibilita&#8217; di ottenere quanto richiesto.<\/p>\n<p>Modalita&#8217; del Trattamento<br \/>\nI dati personali sono trattati con strumenti automatizzati per il tempo strettamente necessario a conseguire gli scopi per cui sono stati raccolti.<br \/>\nSpecifiche misure di sicurezza sono osservate per prevenire la perdita dei dati, usi illeciti o non corretti ed accessi non autorizzati.<\/p>\n<p>Diritti degli Interessati<br \/>\nI soggetti cui si riferiscono i dati personali hanno il diritto in qualunque momento di ottenere la conferma dell&#8217;esistenza o meno dei medesimi dati e di conoscerne il contenuto e l&#8217;origine, verificarne l&#8217;esattezza o chiederne l&#8217;integrazione o l&#8217;aggiornamento, oppure la rettificazione art .7 Legge 196\/03.<br \/>\nAi sensi del medesimo articolo si ha il diritto di chiedere la cancellazione, la trasformazione in forma anonima o il blocco dei dati trattati in violazione di legge, nonch\u00e9 di opporsi in ogni caso, per motivi legittimi, al loro trattamento.<\/p>\n<p>P3P<br \/>\nLa presente informativa sulla privacy e&#8217; consultabile in forma automatica dai piu&#8217; recenti browser che implementano lo standard P3P (&#8220;Platform for Privacy Preferences Project&#8221;) proposto dal World Wide Web Consortium.<br \/>\nOgni sforzo verra&#8217; fatto per rendere il piu&#8217; possibile interoperabili le funzionalita&#8217; di questo sito con i meccanismi di controllo automatico della privacy disponibili in alcuni prodotti utilizzati dagli utenti.[\/vc_column_text][\/vc_column][vc_column width=&#8221;1\/6&#8243;][\/vc_column][\/vc_row]<\/p>\n","protected":false},"excerpt":{"rendered":"<p>[vc_row][vc_column width=&#8221;1\/6&#8243;][\/vc_column][vc_column width=&#8221;2\/3&#8243;][mk_padding_divider visibility=&#8221;hidden-sm&#8221;][mk_padding_divider size=&#8221;20&#8243; visibility=&#8221;visible-sm&#8221;][mk_fancy_title tag_name=&#8221;h1&#8243; color=&#8221;#333333&#8243; size=&#8221;16&#8243; force_font_size=&#8221;true&#8221; size_tablet=&#8221;14&#8243; size_phone=&#8221;10&#8243; font_weight=&#8221;400&#8243; txt_transform=&#8221;uppercase&#8221; letter_spacing=&#8221;10&#8243; margin_bottom=&#8221;0&#8243; font_family=&#8221;none&#8221; align=&#8221;center&#8221; visibility=&#8221;hidden-sm&#8221;]Privacy &amp; Cookies policy[\/mk_fancy_title][vc_column_text css=&#8221;.vc_custom_1518434779174{margin-bottom: 0px !important;}&#8221;]In questa pagina si descrivono le modalita&#8217; di gestione del sito in riferimento al trattamento dei dati personali degli utenti che lo consultano. Si tratta di un&#8217;informativa che e&#8217; resa anche [&hellip;]<\/p>\n","protected":false},"author":1,"featured_media":0,"parent":0,"menu_order":6,"comment_status":"closed","ping_status":"closed","template":"","meta":{"_acf_changed":false,"footnotes":""},"class_list":["post-14839","page","type-page","status-publish","hentry"],"acf":[],"yoast_head":"<!-- This site is optimized with the Yoast SEO plugin v27.4 - https:\/\/yoast.com\/product\/yoast-seo-wordpress\/ -->\n<title>Privacy &amp; Cookie Policy<\/title>\n<meta name=\"robots\" content=\"noindex, follow\" \/>\n<meta property=\"og:locale\" content=\"en_US\" \/>\n<meta property=\"og:type\" content=\"article\" \/>\n<meta property=\"og:title\" content=\"Privacy &amp; Cookie Policy\" \/>\n<meta property=\"og:description\" content=\"[vc_row][vc_column width=&#8221;1\/6&#8243;][\/vc_column][vc_column width=&#8221;2\/3&#8243;][mk_padding_divider visibility=&#8221;hidden-sm&#8221;][mk_padding_divider size=&#8221;20&#8243; visibility=&#8221;visible-sm&#8221;][mk_fancy_title tag_name=&#8221;h1&#8243; color=&#8221;#333333&#8243; size=&#8221;16&#8243; force_font_size=&#8221;true&#8221; size_tablet=&#8221;14&#8243; size_phone=&#8221;10&#8243; font_weight=&#8221;400&#8243; txt_transform=&#8221;uppercase&#8221; letter_spacing=&#8221;10&#8243; margin_bottom=&#8221;0&#8243; font_family=&#8221;none&#8221; align=&#8221;center&#8221; visibility=&#8221;hidden-sm&#8221;]Privacy &amp; Cookies policy[\/mk_fancy_title][vc_column_text css=&#8221;.vc_custom_1518434779174{margin-bottom: 0px !important;}&#8221;]In questa pagina si descrivono le modalita&#8217; di gestione del sito in riferimento al trattamento dei dati personali degli utenti che lo consultano. Si tratta di un&#8217;informativa che e&#8217; resa anche [&hellip;]\" \/>\n<meta property=\"og:url\" content=\"https:\/\/dellupiarte.com\/en\/privacy-cookie-policy\/\" \/>\n<meta property=\"og:site_name\" content=\"Dellupi Arte\" \/>\n<meta property=\"article:publisher\" content=\"https:\/\/www.facebook.com\/DellupiArte\/\" \/>\n<meta property=\"og:image\" content=\"https:\/\/dellupiarte.com\/wp-content\/uploads\/2024\/03\/030-scaled.jpg\" \/>\n\t<meta property=\"og:image:width\" content=\"2560\" \/>\n\t<meta property=\"og:image:height\" content=\"1707\" \/>\n\t<meta property=\"og:image:type\" content=\"image\/jpeg\" \/>\n<meta name=\"twitter:card\" content=\"summary_large_image\" \/>\n<meta name=\"twitter:label1\" content=\"Est. reading time\" \/>\n\t<meta name=\"twitter:data1\" content=\"7 minutes\" \/>\n<script type=\"application\/ld+json\" class=\"yoast-schema-graph\">{\"@context\":\"https:\\\/\\\/schema.org\",\"@graph\":[{\"@type\":\"WebPage\",\"@id\":\"https:\\\/\\\/dellupiarte.com\\\/en\\\/privacy-cookie-policy\\\/\",\"url\":\"https:\\\/\\\/dellupiarte.com\\\/en\\\/privacy-cookie-policy\\\/\",\"name\":\"Privacy &amp; Cookie Policy\",\"isPartOf\":{\"@id\":\"https:\\\/\\\/dellupiarte.com\\\/en\\\/#website\"},\"datePublished\":\"2018-01-19T14:02:13+00:00\",\"breadcrumb\":{\"@id\":\"https:\\\/\\\/dellupiarte.com\\\/en\\\/privacy-cookie-policy\\\/#breadcrumb\"},\"inLanguage\":\"en-US\",\"potentialAction\":[{\"@type\":\"ReadAction\",\"target\":[\"https:\\\/\\\/dellupiarte.com\\\/en\\\/privacy-cookie-policy\\\/\"]}]},{\"@type\":\"BreadcrumbList\",\"@id\":\"https:\\\/\\\/dellupiarte.com\\\/en\\\/privacy-cookie-policy\\\/#breadcrumb\",\"itemListElement\":[{\"@type\":\"ListItem\",\"position\":1,\"name\":\"Home\",\"item\":\"https:\\\/\\\/dellupiarte.com\\\/en\\\/dellupi-arte-galleria-darte-moderna-contemporanea\\\/\"},{\"@type\":\"ListItem\",\"position\":2,\"name\":\"Privacy &amp; Cookie Policy\"}]},{\"@type\":\"WebSite\",\"@id\":\"https:\\\/\\\/dellupiarte.com\\\/en\\\/#website\",\"url\":\"https:\\\/\\\/dellupiarte.com\\\/en\\\/\",\"name\":\"Dellupi Arte\",\"description\":\"Galleria d&#039;arte moderna &amp; contemporanea\",\"publisher\":{\"@id\":\"https:\\\/\\\/dellupiarte.com\\\/en\\\/#organization\"},\"alternateName\":\"Dellupi Arte Galleria d'arte moderna & contemporanea\",\"potentialAction\":[{\"@type\":\"SearchAction\",\"target\":{\"@type\":\"EntryPoint\",\"urlTemplate\":\"https:\\\/\\\/dellupiarte.com\\\/en\\\/?s={search_term_string}\"},\"query-input\":{\"@type\":\"PropertyValueSpecification\",\"valueRequired\":true,\"valueName\":\"search_term_string\"}}],\"inLanguage\":\"en-US\"},{\"@type\":\"Organization\",\"@id\":\"https:\\\/\\\/dellupiarte.com\\\/en\\\/#organization\",\"name\":\"Galleria Dellupi Arte\",\"alternateName\":\"Galleria Dellupi Arte\",\"url\":\"https:\\\/\\\/dellupiarte.com\\\/en\\\/\",\"logo\":{\"@type\":\"ImageObject\",\"inLanguage\":\"en-US\",\"@id\":\"https:\\\/\\\/dellupiarte.com\\\/en\\\/#\\\/schema\\\/logo\\\/image\\\/\",\"url\":\"https:\\\/\\\/dellupiarte.com\\\/wp-content\\\/uploads\\\/2020\\\/05\\\/logonero.png\",\"contentUrl\":\"https:\\\/\\\/dellupiarte.com\\\/wp-content\\\/uploads\\\/2020\\\/05\\\/logonero.png\",\"width\":266,\"height\":48,\"caption\":\"Galleria Dellupi Arte\"},\"image\":{\"@id\":\"https:\\\/\\\/dellupiarte.com\\\/en\\\/#\\\/schema\\\/logo\\\/image\\\/\"},\"sameAs\":[\"https:\\\/\\\/www.facebook.com\\\/DellupiArte\\\/\",\"https:\\\/\\\/www.instagram.com\\\/dellupiarte\\\/\"]}]}<\/script>\n<!-- \/ Yoast SEO plugin. -->","yoast_head_json":{"title":"Privacy &amp; Cookie Policy","robots":{"index":"noindex","follow":"follow"},"og_locale":"en_US","og_type":"article","og_title":"Privacy &amp; Cookie Policy","og_description":"[vc_row][vc_column width=&#8221;1\/6&#8243;][\/vc_column][vc_column width=&#8221;2\/3&#8243;][mk_padding_divider visibility=&#8221;hidden-sm&#8221;][mk_padding_divider size=&#8221;20&#8243; visibility=&#8221;visible-sm&#8221;][mk_fancy_title tag_name=&#8221;h1&#8243; color=&#8221;#333333&#8243; size=&#8221;16&#8243; force_font_size=&#8221;true&#8221; size_tablet=&#8221;14&#8243; size_phone=&#8221;10&#8243; font_weight=&#8221;400&#8243; txt_transform=&#8221;uppercase&#8221; letter_spacing=&#8221;10&#8243; margin_bottom=&#8221;0&#8243; font_family=&#8221;none&#8221; align=&#8221;center&#8221; visibility=&#8221;hidden-sm&#8221;]Privacy &amp; Cookies policy[\/mk_fancy_title][vc_column_text css=&#8221;.vc_custom_1518434779174{margin-bottom: 0px !important;}&#8221;]In questa pagina si descrivono le modalita&#8217; di gestione del sito in riferimento al trattamento dei dati personali degli utenti che lo consultano. Si tratta di un&#8217;informativa che e&#8217; resa anche [&hellip;]","og_url":"https:\/\/dellupiarte.com\/en\/privacy-cookie-policy\/","og_site_name":"Dellupi Arte","article_publisher":"https:\/\/www.facebook.com\/DellupiArte\/","og_image":[{"width":2560,"height":1707,"url":"https:\/\/dellupiarte.com\/wp-content\/uploads\/2024\/03\/030-scaled.jpg","type":"image\/jpeg"}],"twitter_card":"summary_large_image","twitter_misc":{"Est. reading time":"7 minutes"},"schema":{"@context":"https:\/\/schema.org","@graph":[{"@type":"WebPage","@id":"https:\/\/dellupiarte.com\/en\/privacy-cookie-policy\/","url":"https:\/\/dellupiarte.com\/en\/privacy-cookie-policy\/","name":"Privacy &amp; Cookie Policy","isPartOf":{"@id":"https:\/\/dellupiarte.com\/en\/#website"},"datePublished":"2018-01-19T14:02:13+00:00","breadcrumb":{"@id":"https:\/\/dellupiarte.com\/en\/privacy-cookie-policy\/#breadcrumb"},"inLanguage":"en-US","potentialAction":[{"@type":"ReadAction","target":["https:\/\/dellupiarte.com\/en\/privacy-cookie-policy\/"]}]},{"@type":"BreadcrumbList","@id":"https:\/\/dellupiarte.com\/en\/privacy-cookie-policy\/#breadcrumb","itemListElement":[{"@type":"ListItem","position":1,"name":"Home","item":"https:\/\/dellupiarte.com\/en\/dellupi-arte-galleria-darte-moderna-contemporanea\/"},{"@type":"ListItem","position":2,"name":"Privacy &amp; Cookie Policy"}]},{"@type":"WebSite","@id":"https:\/\/dellupiarte.com\/en\/#website","url":"https:\/\/dellupiarte.com\/en\/","name":"Dellupi Arte","description":"Galleria d&#039;arte moderna &amp; contemporanea","publisher":{"@id":"https:\/\/dellupiarte.com\/en\/#organization"},"alternateName":"Dellupi Arte Galleria d'arte moderna & contemporanea","potentialAction":[{"@type":"SearchAction","target":{"@type":"EntryPoint","urlTemplate":"https:\/\/dellupiarte.com\/en\/?s={search_term_string}"},"query-input":{"@type":"PropertyValueSpecification","valueRequired":true,"valueName":"search_term_string"}}],"inLanguage":"en-US"},{"@type":"Organization","@id":"https:\/\/dellupiarte.com\/en\/#organization","name":"Galleria Dellupi Arte","alternateName":"Galleria Dellupi Arte","url":"https:\/\/dellupiarte.com\/en\/","logo":{"@type":"ImageObject","inLanguage":"en-US","@id":"https:\/\/dellupiarte.com\/en\/#\/schema\/logo\/image\/","url":"https:\/\/dellupiarte.com\/wp-content\/uploads\/2020\/05\/logonero.png","contentUrl":"https:\/\/dellupiarte.com\/wp-content\/uploads\/2020\/05\/logonero.png","width":266,"height":48,"caption":"Galleria Dellupi Arte"},"image":{"@id":"https:\/\/dellupiarte.com\/en\/#\/schema\/logo\/image\/"},"sameAs":["https:\/\/www.facebook.com\/DellupiArte\/","https:\/\/www.instagram.com\/dellupiarte\/"]}]}},"publishpress_future_action":{"enabled":false,"date":"2026-05-09 20:32:00","action":"change-status","newStatus":"draft","terms":[],"taxonomy":"translation_priority","extraData":[]},"publishpress_future_workflow_manual_trigger":{"enabledWorkflows":[]},"_links":{"self":[{"href":"https:\/\/dellupiarte.com\/en\/wp-json\/wp\/v2\/pages\/14839","targetHints":{"allow":["GET"]}}],"collection":[{"href":"https:\/\/dellupiarte.com\/en\/wp-json\/wp\/v2\/pages"}],"about":[{"href":"https:\/\/dellupiarte.com\/en\/wp-json\/wp\/v2\/types\/page"}],"author":[{"embeddable":true,"href":"https:\/\/dellupiarte.com\/en\/wp-json\/wp\/v2\/users\/1"}],"replies":[{"embeddable":true,"href":"https:\/\/dellupiarte.com\/en\/wp-json\/wp\/v2\/comments?post=14839"}],"version-history":[{"count":0,"href":"https:\/\/dellupiarte.com\/en\/wp-json\/wp\/v2\/pages\/14839\/revisions"}],"wp:attachment":[{"href":"https:\/\/dellupiarte.com\/en\/wp-json\/wp\/v2\/media?parent=14839"}],"curies":[{"name":"wp","href":"https:\/\/api.w.org\/{rel}","templated":true}]}}